{"id":10188,"date":"2022-05-30T13:21:48","date_gmt":"2022-05-30T11:21:48","guid":{"rendered":"https:\/\/www.kkz.com.pl\/?page_id=10188"},"modified":"2022-05-30T13:25:14","modified_gmt":"2022-05-30T11:25:14","slug":"politica-dei-cookie","status":"publish","type":"page","link":"https:\/\/www.kkz.com.pl\/it\/politica-dei-cookie\/","title":{"rendered":"Politica dei cookie"},"content":{"rendered":"\n<p>La politica dei cookie del sito web: <a href=\"https:\/\/www.kkz.com.pl\/\">https:\/\/www.kkz.com.pl\/<\/a> (Il \u201cSito\u201d):<\/p>\n\n\n\n<p>1. I cookie sono dati informatici memorizzati nei dispositivi finali degli utenti del Sito, destinati ad essere utilizzati sui siti web. In particolare, si tratta di file di testo che contengono il nome del sito web da cui provengono, il tempo di memorizzazione sul dispositivo finale e un unico numero.<\/p>\n\n\n\n<p>2. Il Sito non raccoglie automaticamente alcuna informazione, ad eccezione delle informazioni contenute nei cookie e dei dati personali forniti volontariamente dall\u2019utente del Sito.<\/p>\n\n\n\n<p>3. L\u2019amministratore del Sito e dei cookie collocati sul dispositivo finale dell\u2019utente del Sito e che vi ha accesso \u00e8 Kope\u0107 Zaborowski Adwokaci i Radcowie Prawni Sp. p. con sede a Varsavia, 00-681, in ul.&nbsp;Ho\u017ca 59a lok. 1 b (\u201cKKZ\u201d).<\/p>\n\n\n\n<p>4. I cookie sono destinati all\u2019uso sul Sito e KKZ li utilizza per:<\/p>\n\n\n\n<p>a) adattare il contenuto del Sito alle preferenze individuali dell\u2019utente, il che permette il riconoscimento del suo dispositivo e consente di visualizzare il Sito in base alle sue preferenze,<\/p>\n\n\n\n<p>b) compilare statistiche anonime, esclusa la possibilit\u00e0 di identificare l\u2019utente.<\/p>\n\n\n\n<p>5. Il software di navigazione web permette l\u2019inserimento predefinito dei cookie nel dispositivo finale dell\u2019utente. In qualsiasi momento, queste impostazioni possono essere da lui modificate in modo da bloccare la gestione automatica dei cookie nelle impostazioni del browser o informare ogni volta che i cookie vengono inviati al suo dispositivo.<\/p>\n\n\n\n<p>6. Esempi di opzioni per modificare le impostazioni dei cookie nei browser pi\u00f9 diffusi sono disponibili agli indirizzi indicati di seguito:<\/p>\n\n\n\n<ul class=\"wp-block-list\"><li>Microsoft Edge: <a href=\"https:\/\/support.microsoft.com\/pl-pl\/microsoft-edge\/usuwanie-plik\u00f3w-cookie-w-przegl\u0105darce-microsoft-edge-63947406-40ac-c3b8-57b9-2a946a29ae09\">https:\/\/support.microsoft.com\/pl-pl\/microsoft-edge\/usuwanie-plik%C3%B3w-cookie-w-przegl%C4%85darce-microsoft-edge-63947406-40ac-c3b8-57b9-2a946a29ae09<\/a><\/li><li>Mozilla Firefox: <a href=\"http:\/\/www.support.mozilla.org\/pl\/kb\/ciasteczka\" target=\"_blank\" rel=\"noreferrer noopener\">www.support.mozilla.org\/pl\/kb\/ciasteczka<\/a><\/li><li>Google Chrome: <a href=\"https:\/\/support.google.com\/chrome\/answer\/95647?hl=pl\">https:\/\/support.google.com\/chrome\/answer\/95647?hl=pl<\/a><\/li><li>Safari: <a href=\"http:\/\/www.safari.helpmax.net\/pl\/oszczedzanie-czasu\/blokowanie-zawartosci\/\" target=\"_blank\" rel=\"noreferrer noopener\">www.safari.helpmax.net\/pl\/oszczedzanie-czasu\/blokowanie-zawartosci\/<\/a><\/li><li>Internet Explorer: <a href=\"https:\/\/support.microsoft.com\/pl-pl\/topic\/jak-usun\u0105\u0107-pliki-cookie-w-programie-internet-explorer-bca9446f-d873-78de-77ba-d42645fa52fc\">https:\/\/support.microsoft.com\/pl-pl\/topic\/jak-usun%C4%85%C4%87-pliki-cookie-w-programie-internet-explorer-bca9446f-d873-78de-77ba-d42645fa52fc<\/a><\/li><\/ul>\n\n\n\n<p>7. La modifica delle impostazioni del browser dell\u2019utente pu\u00f2 impedire il corretto funzionamento del Sito.<\/p>\n\n\n\n<p>8. KKZ si riserva il diritto di modificare la Politica dei Cookie del Sito in base agli sviluppi della tecnologia e del Sito. KKZ informer\u00e0 l\u2019utente del Sito di qualsiasi cambiamento in modo visibile e comprensibile.<\/p>\n\n\n\n<p>9. KKZ pu\u00f2 inserire nel Sito indirizzi di altri siti web che operano indipendentemente dal Sito e che non sono sorvegliati da KKZ. Questi siti web possono avere le loro politiche dei cookie per le quali KKZ non \u00e8 responsabile.<\/p>\n\n\n\n<p>10. L\u2019informativa sulla privacy di KKZ \u00e8 disponibile all\u2019indirizzo:\u00a0 <a href=\"https:\/\/www.kkz.com.pl\/it\/politica-sulla-privacy\/\" target=\"_blank\" rel=\"noreferrer noopener\">https:\/\/www.kkz.com.pl\/it\/politica-sulla-privacy\/<\/a><\/p>\n\n\n\n<p>11. Data dell\u2019ultima modifica: gioved\u00ec, l\u20198 aprile 2021.<\/p>\n","protected":false},"excerpt":{"rendered":"<p>La politica dei cookie del sito web: https:\/\/www.kkz.com.pl\/ (Il \u201cSito\u201d): 1. I cookie sono dati informatici memorizzati nei dispositivi finali degli utenti del Sito, destinati ad essere utilizzati sui siti web. In particolare, si tratta di file di testo che contengono il nome del sito web da cui provengono, il tempo di memorizzazione sul dispositivo [&hellip;]<\/p>\n","protected":false},"author":6,"featured_media":0,"parent":0,"menu_order":0,"comment_status":"closed","ping_status":"closed","template":"","meta":{"_acf_changed":false,"_monsterinsights_skip_tracking":false,"_monsterinsights_sitenote_active":false,"_monsterinsights_sitenote_note":"","_monsterinsights_sitenote_category":0,"footnotes":""},"class_list":["post-10188","page","type-page","status-publish","hentry"],"acf":[],"yoast_head":"<!-- This site is optimized with the Yoast SEO plugin v27.4 - https:\/\/yoast.com\/product\/yoast-seo-wordpress\/ -->\n<title>Politica dei cookie - Studio Legale \u2013 Varsavia \u2013 KKZ \u2b50\u2b50\u2b50\u2b50\u2b50 \u2013 Kope\u0107 Zaborowski Avvocati e Consulenti Legali<\/title>\n<meta name=\"description\" content=\"Politica dei cookie - Per favore contattaci - Studio Legale \u2013 Varsavia \u2013 KKZ \u2b50\u2b50\u2b50\u2b50\u2b50 \u2013 Kope\u0107 Zaborowski Avvocati e Consulenti Legali\" \/>\n<meta name=\"robots\" content=\"index, follow, max-snippet:-1, max-image-preview:large, max-video-preview:-1\" \/>\n<link rel=\"canonical\" href=\"https:\/\/www.kkz.com.pl\/it\/politica-dei-cookie\/\" \/>\n<meta property=\"og:locale\" content=\"it_IT\" \/>\n<meta property=\"og:type\" content=\"article\" \/>\n<meta property=\"og:title\" content=\"Politica dei cookie - Studio Legale \u2013 Varsavia \u2013 KKZ \u2b50\u2b50\u2b50\u2b50\u2b50 \u2013 Kope\u0107 Zaborowski Avvocati e Consulenti Legali\" \/>\n<meta property=\"og:description\" content=\"Politica dei cookie - Per favore contattaci - Studio Legale \u2013 Varsavia \u2013 KKZ \u2b50\u2b50\u2b50\u2b50\u2b50 \u2013 Kope\u0107 Zaborowski Avvocati e Consulenti Legali\" \/>\n<meta property=\"og:url\" content=\"https:\/\/www.kkz.com.pl\/it\/politica-dei-cookie\/\" \/>\n<meta property=\"og:site_name\" content=\"Studio Legale \u2013 Varsavia \u2013 KKZ \u2b50\u2b50\u2b50\u2b50\u2b50 \u2013 Kope\u0107 Zaborowski Avvocati e Consulenti Legali\" \/>\n<meta property=\"article:publisher\" content=\"https:\/\/www.facebook.com\/maciej.zaborowski.5\" \/>\n<meta property=\"article:modified_time\" content=\"2022-05-30T11:25:14+00:00\" \/>\n<meta property=\"og:image\" content=\"https:\/\/www.kkz.com.pl\/wp-content\/uploads\/2018\/05\/LOGO_granatowe-01.png\" \/>\n\t<meta property=\"og:image:width\" content=\"1570\" \/>\n\t<meta property=\"og:image:height\" content=\"1217\" \/>\n\t<meta property=\"og:image:type\" content=\"image\/png\" \/>\n<meta name=\"twitter:card\" content=\"summary_large_image\" \/>\n<meta name=\"twitter:label1\" content=\"Tempo di lettura stimato\" \/>\n\t<meta name=\"twitter:data1\" content=\"3 minuti\" \/>\n<script type=\"application\/ld+json\" class=\"yoast-schema-graph\">{\"@context\":\"https:\\\/\\\/schema.org\",\"@graph\":[{\"@type\":\"WebPage\",\"@id\":\"https:\\\/\\\/www.kkz.com.pl\\\/it\\\/politica-dei-cookie\\\/\",\"url\":\"https:\\\/\\\/www.kkz.com.pl\\\/it\\\/politica-dei-cookie\\\/\",\"name\":\"Politica dei cookie - Studio Legale \u2013 Varsavia \u2013 KKZ \u2b50\u2b50\u2b50\u2b50\u2b50 \u2013 Kope\u0107 Zaborowski Avvocati e Consulenti Legali\",\"isPartOf\":{\"@id\":\"https:\\\/\\\/www.kkz.com.pl\\\/#website\"},\"datePublished\":\"2022-05-30T11:21:48+00:00\",\"dateModified\":\"2022-05-30T11:25:14+00:00\",\"description\":\"Politica dei cookie - Per favore contattaci - Studio Legale \u2013 Varsavia \u2013 KKZ \u2b50\u2b50\u2b50\u2b50\u2b50 \u2013 Kope\u0107 Zaborowski Avvocati e Consulenti Legali\",\"breadcrumb\":{\"@id\":\"https:\\\/\\\/www.kkz.com.pl\\\/it\\\/politica-dei-cookie\\\/#breadcrumb\"},\"inLanguage\":\"it-IT\",\"potentialAction\":[{\"@type\":\"ReadAction\",\"target\":[\"https:\\\/\\\/www.kkz.com.pl\\\/it\\\/politica-dei-cookie\\\/\"]}]},{\"@type\":\"BreadcrumbList\",\"@id\":\"https:\\\/\\\/www.kkz.com.pl\\\/it\\\/politica-dei-cookie\\\/#breadcrumb\",\"itemListElement\":[{\"@type\":\"ListItem\",\"position\":1,\"name\":\"Strona g\u0142\u00f3wna\",\"item\":\"https:\\\/\\\/www.kkz.com.pl\\\/it\\\/\"},{\"@type\":\"ListItem\",\"position\":2,\"name\":\"Politica dei cookie\"}]},{\"@type\":\"WebSite\",\"@id\":\"https:\\\/\\\/www.kkz.com.pl\\\/#website\",\"url\":\"https:\\\/\\\/www.kkz.com.pl\\\/\",\"name\":\"Studio Legale \u2013 Varsavia \u2013 KKZ \u2b50\u2b50\u2b50\u2b50\u2b50 \u2013 Kope\u0107 Zaborowski Avvocati e Consulenti Legali\",\"description\":\"Studio legale Kope\u0107 Zaborowski Avvocati e consulenti legali\",\"publisher\":{\"@id\":\"https:\\\/\\\/www.kkz.com.pl\\\/#organization\"},\"alternateName\":\"KKZ - Kancelaria Kope\u0107 Zaborowski Adwokaci i Radcowie Prawni\",\"potentialAction\":[{\"@type\":\"SearchAction\",\"target\":{\"@type\":\"EntryPoint\",\"urlTemplate\":\"https:\\\/\\\/www.kkz.com.pl\\\/?s={search_term_string}\"},\"query-input\":{\"@type\":\"PropertyValueSpecification\",\"valueRequired\":true,\"valueName\":\"search_term_string\"}}],\"inLanguage\":\"it-IT\"},{\"@type\":\"Organization\",\"@id\":\"https:\\\/\\\/www.kkz.com.pl\\\/#organization\",\"name\":\"Studio legale Kope\u0107 Zaborowski Avvocati e consulenti legali\",\"alternateName\":\"Kancelaria Kope\u0107 Zaborowski Adwokaci i Radcowie Prawni\",\"url\":\"https:\\\/\\\/www.kkz.com.pl\\\/\",\"logo\":{\"@type\":\"ImageObject\",\"inLanguage\":\"it-IT\",\"@id\":\"https:\\\/\\\/www.kkz.com.pl\\\/#\\\/schema\\\/logo\\\/image\\\/\",\"url\":\"https:\\\/\\\/www.kkz.com.pl\\\/wp-content\\\/uploads\\\/2020\\\/05\\\/mecenas-logo1.jpg\",\"contentUrl\":\"https:\\\/\\\/www.kkz.com.pl\\\/wp-content\\\/uploads\\\/2020\\\/05\\\/mecenas-logo1.jpg\",\"width\":150,\"height\":150,\"caption\":\"Studio legale Kope\u0107 Zaborowski Avvocati e consulenti legali\"},\"image\":{\"@id\":\"https:\\\/\\\/www.kkz.com.pl\\\/#\\\/schema\\\/logo\\\/image\\\/\"},\"sameAs\":[\"https:\\\/\\\/www.facebook.com\\\/maciej.zaborowski.5\",\"https:\\\/\\\/www.linkedin.com\\\/company\\\/kope\u0107-zaborowski-kkz\\\/\",\"https:\\\/\\\/www.youtube.com\\\/channel\\\/UCezYOaXQwFNdri9HUevSe2A\"]}]}<\/script>\n<!-- \/ Yoast SEO plugin. -->","yoast_head_json":{"title":"Politica dei cookie - Studio Legale \u2013 Varsavia \u2013 KKZ \u2b50\u2b50\u2b50\u2b50\u2b50 \u2013 Kope\u0107 Zaborowski Avvocati e Consulenti Legali","description":"Politica dei cookie - Per favore contattaci - Studio Legale \u2013 Varsavia \u2013 KKZ \u2b50\u2b50\u2b50\u2b50\u2b50 \u2013 Kope\u0107 Zaborowski Avvocati e Consulenti Legali","robots":{"index":"index","follow":"follow","max-snippet":"max-snippet:-1","max-image-preview":"max-image-preview:large","max-video-preview":"max-video-preview:-1"},"canonical":"https:\/\/www.kkz.com.pl\/it\/politica-dei-cookie\/","og_locale":"it_IT","og_type":"article","og_title":"Politica dei cookie - Studio Legale \u2013 Varsavia \u2013 KKZ \u2b50\u2b50\u2b50\u2b50\u2b50 \u2013 Kope\u0107 Zaborowski Avvocati e Consulenti Legali","og_description":"Politica dei cookie - Per favore contattaci - Studio Legale \u2013 Varsavia \u2013 KKZ \u2b50\u2b50\u2b50\u2b50\u2b50 \u2013 Kope\u0107 Zaborowski Avvocati e Consulenti Legali","og_url":"https:\/\/www.kkz.com.pl\/it\/politica-dei-cookie\/","og_site_name":"Studio Legale \u2013 Varsavia \u2013 KKZ \u2b50\u2b50\u2b50\u2b50\u2b50 \u2013 Kope\u0107 Zaborowski Avvocati e Consulenti Legali","article_publisher":"https:\/\/www.facebook.com\/maciej.zaborowski.5","article_modified_time":"2022-05-30T11:25:14+00:00","og_image":[{"width":1570,"height":1217,"url":"https:\/\/www.kkz.com.pl\/wp-content\/uploads\/2018\/05\/LOGO_granatowe-01.png","type":"image\/png"}],"twitter_card":"summary_large_image","twitter_misc":{"Tempo di lettura stimato":"3 minuti"},"schema":{"@context":"https:\/\/schema.org","@graph":[{"@type":"WebPage","@id":"https:\/\/www.kkz.com.pl\/it\/politica-dei-cookie\/","url":"https:\/\/www.kkz.com.pl\/it\/politica-dei-cookie\/","name":"Politica dei cookie - Studio Legale \u2013 Varsavia \u2013 KKZ \u2b50\u2b50\u2b50\u2b50\u2b50 \u2013 Kope\u0107 Zaborowski Avvocati e Consulenti Legali","isPartOf":{"@id":"https:\/\/www.kkz.com.pl\/#website"},"datePublished":"2022-05-30T11:21:48+00:00","dateModified":"2022-05-30T11:25:14+00:00","description":"Politica dei cookie - Per favore contattaci - Studio Legale \u2013 Varsavia \u2013 KKZ \u2b50\u2b50\u2b50\u2b50\u2b50 \u2013 Kope\u0107 Zaborowski Avvocati e Consulenti Legali","breadcrumb":{"@id":"https:\/\/www.kkz.com.pl\/it\/politica-dei-cookie\/#breadcrumb"},"inLanguage":"it-IT","potentialAction":[{"@type":"ReadAction","target":["https:\/\/www.kkz.com.pl\/it\/politica-dei-cookie\/"]}]},{"@type":"BreadcrumbList","@id":"https:\/\/www.kkz.com.pl\/it\/politica-dei-cookie\/#breadcrumb","itemListElement":[{"@type":"ListItem","position":1,"name":"Strona g\u0142\u00f3wna","item":"https:\/\/www.kkz.com.pl\/it\/"},{"@type":"ListItem","position":2,"name":"Politica dei cookie"}]},{"@type":"WebSite","@id":"https:\/\/www.kkz.com.pl\/#website","url":"https:\/\/www.kkz.com.pl\/","name":"Studio Legale \u2013 Varsavia \u2013 KKZ \u2b50\u2b50\u2b50\u2b50\u2b50 \u2013 Kope\u0107 Zaborowski Avvocati e Consulenti Legali","description":"Studio legale Kope\u0107 Zaborowski Avvocati e consulenti legali","publisher":{"@id":"https:\/\/www.kkz.com.pl\/#organization"},"alternateName":"KKZ - Kancelaria Kope\u0107 Zaborowski Adwokaci i Radcowie Prawni","potentialAction":[{"@type":"SearchAction","target":{"@type":"EntryPoint","urlTemplate":"https:\/\/www.kkz.com.pl\/?s={search_term_string}"},"query-input":{"@type":"PropertyValueSpecification","valueRequired":true,"valueName":"search_term_string"}}],"inLanguage":"it-IT"},{"@type":"Organization","@id":"https:\/\/www.kkz.com.pl\/#organization","name":"Studio legale Kope\u0107 Zaborowski Avvocati e consulenti legali","alternateName":"Kancelaria Kope\u0107 Zaborowski Adwokaci i Radcowie Prawni","url":"https:\/\/www.kkz.com.pl\/","logo":{"@type":"ImageObject","inLanguage":"it-IT","@id":"https:\/\/www.kkz.com.pl\/#\/schema\/logo\/image\/","url":"https:\/\/www.kkz.com.pl\/wp-content\/uploads\/2020\/05\/mecenas-logo1.jpg","contentUrl":"https:\/\/www.kkz.com.pl\/wp-content\/uploads\/2020\/05\/mecenas-logo1.jpg","width":150,"height":150,"caption":"Studio legale Kope\u0107 Zaborowski Avvocati e consulenti legali"},"image":{"@id":"https:\/\/www.kkz.com.pl\/#\/schema\/logo\/image\/"},"sameAs":["https:\/\/www.facebook.com\/maciej.zaborowski.5","https:\/\/www.linkedin.com\/company\/kope\u0107-zaborowski-kkz\/","https:\/\/www.youtube.com\/channel\/UCezYOaXQwFNdri9HUevSe2A"]}]}},"_links":{"self":[{"href":"https:\/\/www.kkz.com.pl\/it\/wp-json\/wp\/v2\/pages\/10188","targetHints":{"allow":["GET"]}}],"collection":[{"href":"https:\/\/www.kkz.com.pl\/it\/wp-json\/wp\/v2\/pages"}],"about":[{"href":"https:\/\/www.kkz.com.pl\/it\/wp-json\/wp\/v2\/types\/page"}],"author":[{"embeddable":true,"href":"https:\/\/www.kkz.com.pl\/it\/wp-json\/wp\/v2\/users\/6"}],"replies":[{"embeddable":true,"href":"https:\/\/www.kkz.com.pl\/it\/wp-json\/wp\/v2\/comments?post=10188"}],"version-history":[{"count":3,"href":"https:\/\/www.kkz.com.pl\/it\/wp-json\/wp\/v2\/pages\/10188\/revisions"}],"predecessor-version":[{"id":10193,"href":"https:\/\/www.kkz.com.pl\/it\/wp-json\/wp\/v2\/pages\/10188\/revisions\/10193"}],"wp:attachment":[{"href":"https:\/\/www.kkz.com.pl\/it\/wp-json\/wp\/v2\/media?parent=10188"}],"curies":[{"name":"wp","href":"https:\/\/api.w.org\/{rel}","templated":true}]}}